{"id":47,"date":"2024-10-01T21:40:25","date_gmt":"2024-10-01T19:40:25","guid":{"rendered":"http:\/\/agazuchowska.design\/?page_id=47"},"modified":"2026-04-16T13:46:23","modified_gmt":"2026-04-16T11:46:23","slug":"agazuchowska-design","status":"publish","type":"page","link":"https:\/\/agazuchowska.design\/","title":{"rendered":"agazuchowska.design"},"content":{"rendered":"\t\t<div data-elementor-type=\"wp-page\" data-elementor-id=\"47\" class=\"elementor elementor-47\" data-elementor-post-type=\"page\">\n\t\t\t\t<div class=\"elementor-element elementor-element-42e8dbea e-flex e-con-boxed e-con e-parent\" data-id=\"42e8dbea\" data-element_type=\"container\" data-settings=\"{&quot;background_background&quot;:&quot;classic&quot;}\">\n\t\t\t\t\t<div class=\"e-con-inner\">\n\t\t<div class=\"elementor-element elementor-element-83670f2 e-flex e-con-boxed e-con e-child\" data-id=\"83670f2\" data-element_type=\"container\">\n\t\t\t\t\t<div class=\"e-con-inner\">\n\t\t\t\t<div class=\"elementor-element elementor-element-838b138 elementor-widget elementor-widget-spacer\" data-id=\"838b138\" data-element_type=\"widget\" data-widget_type=\"spacer.default\">\n\t\t\t\t<div class=\"elementor-widget-container\">\n\t\t\t\t\t<div class=\"elementor-spacer\">\n\t\t\t<div class=\"elementor-spacer-inner\"><\/div>\n\t\t<\/div>\n\t\t\t\t<\/div>\n\t\t\t\t<\/div>\n\t\t\t\t\t<\/div>\n\t\t\t\t<\/div>\n\t\t\t\t\t<\/div>\n\t\t\t\t<\/div>\n\t\t<div class=\"elementor-element elementor-element-239d779b e-flex e-con-boxed e-con e-parent\" data-id=\"239d779b\" data-element_type=\"container\">\n\t\t\t\t\t<div class=\"e-con-inner\">\n\t\t\t\t<div class=\"elementor-element elementor-element-1ea0dfa4 elementor-widget elementor-widget-heading\" data-id=\"1ea0dfa4\" data-element_type=\"widget\" data-widget_type=\"heading.default\">\n\t\t\t\t<div class=\"elementor-widget-container\">\n\t\t\t<h2 class=\"elementor-heading-title elementor-size-default\">,,Celem dobrego projektu jest stworzenie najlepszej przestrzeni do \u017cycia i pracy, r\u00f3wnowa\u017c\u0105c i polepszaj\u0105c nasze otoczenie oraz w sprzyjaj\u0105cych warunkach \u2013 nasze \u017cycie\u201d<\/h2>\t\t<\/div>\n\t\t\t\t<\/div>\n\t\t\t\t\t<\/div>\n\t\t\t\t<\/div>\n\t\t\t\t<\/div>\n\t\t","protected":false},"excerpt":{"rendered":"<p>,,Celem dobrego projektu jest stworzenie najlepszej przestrzeni do \u017cycia i pracy, r\u00f3wnowa\u017c\u0105c i polepszaj\u0105c nasze otoczenie oraz w sprzyjaj\u0105cych warunkach \u2013 nasze \u017cycie\u201d<\/p>\n","protected":false},"author":1,"featured_media":0,"parent":0,"menu_order":0,"comment_status":"closed","ping_status":"closed","template":"","meta":{"footnotes":""},"class_list":["post-47","page","type-page","status-publish","hentry"],"_links":{"self":[{"href":"https:\/\/agazuchowska.design\/index.php?rest_route=\/wp\/v2\/pages\/47","targetHints":{"allow":["GET"]}}],"collection":[{"href":"https:\/\/agazuchowska.design\/index.php?rest_route=\/wp\/v2\/pages"}],"about":[{"href":"https:\/\/agazuchowska.design\/index.php?rest_route=\/wp\/v2\/types\/page"}],"author":[{"embeddable":true,"href":"https:\/\/agazuchowska.design\/index.php?rest_route=\/wp\/v2\/users\/1"}],"replies":[{"embeddable":true,"href":"https:\/\/agazuchowska.design\/index.php?rest_route=%2Fwp%2Fv2%2Fcomments&post=47"}],"version-history":[{"count":28,"href":"https:\/\/agazuchowska.design\/index.php?rest_route=\/wp\/v2\/pages\/47\/revisions"}],"predecessor-version":[{"id":238,"href":"https:\/\/agazuchowska.design\/index.php?rest_route=\/wp\/v2\/pages\/47\/revisions\/238"}],"wp:attachment":[{"href":"https:\/\/agazuchowska.design\/index.php?rest_route=%2Fwp%2Fv2%2Fmedia&parent=47"}],"curies":[{"name":"wp","href":"https:\/\/api.w.org\/{rel}","templated":true}]}}