{"id":31,"date":"2024-10-01T21:40:18","date_gmt":"2024-10-01T19:40:18","guid":{"rendered":"http:\/\/agazuchowska.design\/?page_id=31"},"modified":"2025-08-13T15:54:10","modified_gmt":"2025-08-13T13:54:10","slug":"jak-pracujemy","status":"publish","type":"page","link":"https:\/\/agazuchowska.design\/?page_id=31","title":{"rendered":"Jak pracujemy"},"content":{"rendered":"\t\t<div data-elementor-type=\"wp-page\" data-elementor-id=\"31\" class=\"elementor elementor-31\" data-elementor-post-type=\"page\">\n\t\t\t\t<div class=\"elementor-element elementor-element-374ad548 e-flex e-con-boxed e-con e-parent\" data-id=\"374ad548\" data-element_type=\"container\" data-settings=\"{&quot;background_background&quot;:&quot;classic&quot;}\">\n\t\t\t\t\t<div class=\"e-con-inner\">\n\t\t\t\t<div class=\"elementor-element elementor-element-ab3b639 elementor-widget elementor-widget-heading\" data-id=\"ab3b639\" data-element_type=\"widget\" data-widget_type=\"heading.default\">\n\t\t\t\t<div class=\"elementor-widget-container\">\n\t\t\t<h2 class=\"elementor-heading-title elementor-size-default\">Jak dzia\u0142am?<\/h2>\t\t<\/div>\n\t\t\t\t<\/div>\n\t\t\t\t\t<\/div>\n\t\t\t\t<\/div>\n\t\t<div class=\"elementor-element elementor-element-38df6cba e-flex e-con-boxed e-con e-parent\" data-id=\"38df6cba\" data-element_type=\"container\">\n\t\t\t\t\t<div class=\"e-con-inner\">\n\t\t<div class=\"elementor-element elementor-element-6364f6b0 e-con-full e-flex e-con e-child\" data-id=\"6364f6b0\" data-element_type=\"container\">\n\t\t<div class=\"elementor-element elementor-element-379657ff e-flex e-con-boxed e-con e-child\" data-id=\"379657ff\" data-element_type=\"container\" data-settings=\"{&quot;background_background&quot;:&quot;classic&quot;}\">\n\t\t\t\t\t<div class=\"e-con-inner\">\n\t\t\t\t<div class=\"elementor-element elementor-element-2c730705 elementor-widget elementor-widget-heading\" data-id=\"2c730705\" data-element_type=\"widget\" data-widget_type=\"heading.default\">\n\t\t\t\t<div class=\"elementor-widget-container\">\n\t\t\t<h2 class=\"elementor-heading-title elementor-size-default\">-1-<br>Pierwszy<br>kontakt<\/h2>\t\t<\/div>\n\t\t\t\t<\/div>\n\t\t\t\t\t<\/div>\n\t\t\t\t<\/div>\n\t\t\t\t<\/div>\n\t\t<div class=\"elementor-element elementor-element-573f7d18 e-con-full e-flex e-con e-child\" data-id=\"573f7d18\" data-element_type=\"container\">\n\t\t<div class=\"elementor-element elementor-element-71352257 e-con-full e-flex e-con e-child\" data-id=\"71352257\" data-element_type=\"container\">\n\t\t\t\t<div class=\"elementor-element elementor-element-7bf7e11a elementor-widget elementor-widget-text-editor\" data-id=\"7bf7e11a\" data-element_type=\"widget\" data-widget_type=\"text-editor.default\">\n\t\t\t\t<div class=\"elementor-widget-container\">\n\t\t\t\t\t\t\t<ul><li><p>Przesy\u0142am formularz z kilkoma pytaniami.<\/p><\/li><li><p>Analizuje Twoje oczekiwania i potrzeby.<\/p><\/li><li><p>Zapraszam Ciebie na spotkanie lub widzimy si\u0119 online na podpisanie umowy.<\/p><\/li><\/ul>\t\t\t\t\t\t<\/div>\n\t\t\t\t<\/div>\n\t\t\t\t<\/div>\n\t\t\t\t<\/div>\n\t\t\t\t\t<\/div>\n\t\t\t\t<\/div>\n\t\t<div class=\"elementor-element elementor-element-9124d30 e-flex e-con-boxed e-con e-parent\" data-id=\"9124d30\" data-element_type=\"container\">\n\t\t\t\t\t<div class=\"e-con-inner\">\n\t\t<div class=\"elementor-element elementor-element-c1ce3c5 e-con-full e-flex e-con e-child\" data-id=\"c1ce3c5\" data-element_type=\"container\">\n\t\t<div class=\"elementor-element elementor-element-6dedfbc1 e-flex e-con-boxed e-con e-child\" data-id=\"6dedfbc1\" data-element_type=\"container\" data-settings=\"{&quot;background_background&quot;:&quot;classic&quot;}\">\n\t\t\t\t\t<div class=\"e-con-inner\">\n\t\t\t\t<div class=\"elementor-element elementor-element-4bc8217f elementor-widget elementor-widget-heading\" data-id=\"4bc8217f\" data-element_type=\"widget\" data-widget_type=\"heading.default\">\n\t\t\t\t<div class=\"elementor-widget-container\">\n\t\t\t<h2 class=\"elementor-heading-title elementor-size-default\">-2-<br>Inwentaryzacja<\/h2>\t\t<\/div>\n\t\t\t\t<\/div>\n\t\t\t\t\t<\/div>\n\t\t\t\t<\/div>\n\t\t\t\t<\/div>\n\t\t<div class=\"elementor-element elementor-element-3fb76a9e e-con-full e-flex e-con e-child\" data-id=\"3fb76a9e\" data-element_type=\"container\">\n\t\t<div class=\"elementor-element elementor-element-486fed46 e-con-full e-flex e-con e-child\" data-id=\"486fed46\" data-element_type=\"container\">\n\t\t\t\t<div class=\"elementor-element elementor-element-153d13d0 elementor-widget elementor-widget-text-editor\" data-id=\"153d13d0\" data-element_type=\"widget\" data-widget_type=\"text-editor.default\">\n\t\t\t\t<div class=\"elementor-widget-container\">\n\t\t\t\t\t\t\t<ul><li>Wykonuje pomiar na inwestycji lub pracuj\u0119 na dostarczonej dokumentacji.<\/li><li>Mo\u017cesz tak\u017ce dostarczy\u0107 rzuty od dewelopera, projekt architektoniczno-budowlany lub\/i w\u0142asne pomiary.<\/li><\/ul>\t\t\t\t\t\t<\/div>\n\t\t\t\t<\/div>\n\t\t\t\t<\/div>\n\t\t\t\t<\/div>\n\t\t\t\t\t<\/div>\n\t\t\t\t<\/div>\n\t\t<div class=\"elementor-element elementor-element-bdb7ef2 e-flex e-con-boxed e-con e-parent\" data-id=\"bdb7ef2\" data-element_type=\"container\">\n\t\t\t\t\t<div class=\"e-con-inner\">\n\t\t<div class=\"elementor-element elementor-element-6d52c5d6 e-con-full e-flex e-con e-child\" data-id=\"6d52c5d6\" data-element_type=\"container\">\n\t\t<div class=\"elementor-element elementor-element-122057e7 e-flex e-con-boxed e-con e-child\" data-id=\"122057e7\" data-element_type=\"container\" data-settings=\"{&quot;background_background&quot;:&quot;classic&quot;}\">\n\t\t\t\t\t<div class=\"e-con-inner\">\n\t\t\t\t<div class=\"elementor-element elementor-element-5127ccae elementor-widget elementor-widget-heading\" data-id=\"5127ccae\" data-element_type=\"widget\" data-widget_type=\"heading.default\">\n\t\t\t\t<div class=\"elementor-widget-container\">\n\t\t\t<h2 class=\"elementor-heading-title elementor-size-default\">-3-<br>Opracowanie<br>uk\u0142adu funkcjonalnego<\/h2>\t\t<\/div>\n\t\t\t\t<\/div>\n\t\t\t\t\t<\/div>\n\t\t\t\t<\/div>\n\t\t\t\t<\/div>\n\t\t<div class=\"elementor-element elementor-element-70f8c9c7 e-con-full e-flex e-con e-child\" data-id=\"70f8c9c7\" data-element_type=\"container\">\n\t\t<div class=\"elementor-element elementor-element-92be325 e-con-full e-flex e-con e-child\" data-id=\"92be325\" data-element_type=\"container\">\n\t\t\t\t<div class=\"elementor-element elementor-element-77c5bc67 elementor-widget elementor-widget-text-editor\" data-id=\"77c5bc67\" data-element_type=\"widget\" data-widget_type=\"text-editor.default\">\n\t\t\t\t<div class=\"elementor-widget-container\">\n\t\t\t\t\t\t\t<ul><li>Zastanawiamy si\u0119 nad uk\u0142adem funkcjonalnym w kilku wariantach.<\/li><li>Przesy\u0142am r\u00f3\u017cne wersje rzut\u00f3w funkcjonalnych. Ty wybierasz elementy, kt\u00f3re podobaj\u0105 Ci si\u0119 najbardziej.<\/li><li>Proponuje rozwi\u0105zania i koncepcje, dzi\u0119ki kt\u00f3rym powstaje wersja ostateczna. Ca\u0142\u0105 koncepcj\u0119 konsultuj\u0119 z Tob\u0105 na bie\u017c\u0105co.<\/li><\/ul>\t\t\t\t\t\t<\/div>\n\t\t\t\t<\/div>\n\t\t\t\t<\/div>\n\t\t\t\t<\/div>\n\t\t\t\t\t<\/div>\n\t\t\t\t<\/div>\n\t\t<div class=\"elementor-element elementor-element-1c6d934a e-flex e-con-boxed e-con e-parent\" data-id=\"1c6d934a\" data-element_type=\"container\">\n\t\t\t\t\t<div class=\"e-con-inner\">\n\t\t<div class=\"elementor-element elementor-element-52b0dedb e-con-full e-flex e-con e-child\" data-id=\"52b0dedb\" data-element_type=\"container\">\n\t\t<div class=\"elementor-element elementor-element-4ff8d171 e-flex e-con-boxed e-con e-child\" data-id=\"4ff8d171\" data-element_type=\"container\" data-settings=\"{&quot;background_background&quot;:&quot;classic&quot;}\">\n\t\t\t\t\t<div class=\"e-con-inner\">\n\t\t\t\t<div class=\"elementor-element elementor-element-44e9bf3a elementor-widget elementor-widget-heading\" data-id=\"44e9bf3a\" data-element_type=\"widget\" data-widget_type=\"heading.default\">\n\t\t\t\t<div class=\"elementor-widget-container\">\n\t\t\t<h2 class=\"elementor-heading-title elementor-size-default\">-4-<br>Wizualizacje<\/h2>\t\t<\/div>\n\t\t\t\t<\/div>\n\t\t\t\t\t<\/div>\n\t\t\t\t<\/div>\n\t\t\t\t<\/div>\n\t\t<div class=\"elementor-element elementor-element-2feb7cc7 e-con-full e-flex e-con e-child\" data-id=\"2feb7cc7\" data-element_type=\"container\">\n\t\t<div class=\"elementor-element elementor-element-22c068f1 e-con-full e-flex e-con e-child\" data-id=\"22c068f1\" data-element_type=\"container\">\n\t\t\t\t<div class=\"elementor-element elementor-element-6ed22fc elementor-widget elementor-widget-text-editor\" data-id=\"6ed22fc\" data-element_type=\"widget\" data-widget_type=\"text-editor.default\">\n\t\t\t\t<div class=\"elementor-widget-container\">\n\t\t\t\t\t\t\t<ul><li>Tworz\u0119 koncepcj\u0119 wygl\u0105du wn\u0119trz, pokazuj\u0105c kolorystyk\u0119, materia\u0142y wyko\u0144czeniowe, meble o\u015bwietleniowe i inne elementy wyposa\u017cenia, kt\u00f3re wcze\u015bniej zosta\u0142y zaakceptowane przez inwestora.<\/li><li>Celem wizualizacji jest ukazanie potencja\u0142u estetycznego i funkcjonalnego danego wn\u0119trza.<\/li><li>Dodatkowo jest to pomoc w przedstawieniu swoich pomys\u0142\u00f3w klientom i zrozumieniu, jak b\u0119dzie wygl\u0105da\u0107 finalny efekt.<\/li><\/ul>\t\t\t\t\t\t<\/div>\n\t\t\t\t<\/div>\n\t\t\t\t<\/div>\n\t\t\t\t<\/div>\n\t\t\t\t\t<\/div>\n\t\t\t\t<\/div>\n\t\t<div class=\"elementor-element elementor-element-41f9b54b e-flex e-con-boxed e-con e-parent\" data-id=\"41f9b54b\" data-element_type=\"container\">\n\t\t\t\t\t<div class=\"e-con-inner\">\n\t\t<div class=\"elementor-element elementor-element-349c2538 e-con-full e-flex e-con e-child\" data-id=\"349c2538\" data-element_type=\"container\">\n\t\t<div class=\"elementor-element elementor-element-1f8ad2a1 e-flex e-con-boxed e-con e-child\" data-id=\"1f8ad2a1\" data-element_type=\"container\" data-settings=\"{&quot;background_background&quot;:&quot;classic&quot;}\">\n\t\t\t\t\t<div class=\"e-con-inner\">\n\t\t\t\t<div class=\"elementor-element elementor-element-7588dfcd elementor-widget elementor-widget-heading\" data-id=\"7588dfcd\" data-element_type=\"widget\" data-widget_type=\"heading.default\">\n\t\t\t\t<div class=\"elementor-widget-container\">\n\t\t\t<h2 class=\"elementor-heading-title elementor-size-default\">-5-<br>Zestawienie<br>wyposa\u017cenia<\/h2>\t\t<\/div>\n\t\t\t\t<\/div>\n\t\t\t\t\t<\/div>\n\t\t\t\t<\/div>\n\t\t\t\t<\/div>\n\t\t<div class=\"elementor-element elementor-element-38b456c5 e-con-full e-flex e-con e-child\" data-id=\"38b456c5\" data-element_type=\"container\">\n\t\t<div class=\"elementor-element elementor-element-3295270c e-con-full e-flex e-con e-child\" data-id=\"3295270c\" data-element_type=\"container\">\n\t\t\t\t<div class=\"elementor-element elementor-element-1e8f1d8b elementor-widget elementor-widget-text-editor\" data-id=\"1e8f1d8b\" data-element_type=\"widget\" data-widget_type=\"text-editor.default\">\n\t\t\t\t<div class=\"elementor-widget-container\">\n\t\t\t\t\t\t\t<ul>\n<li>Przygotowuj\u0119 zestawienia, kt\u00f3re pomog\u0119 &nbsp;Ci zakupi\u0107 materia\u0142y, meble, o\u015bwietlenie i wyposa\u017cenie, potrzebne do realizacji projektu.<\/li>\n<\/ul>\t\t\t\t\t\t<\/div>\n\t\t\t\t<\/div>\n\t\t\t\t<\/div>\n\t\t\t\t<\/div>\n\t\t\t\t\t<\/div>\n\t\t\t\t<\/div>\n\t\t<div class=\"elementor-element elementor-element-37ee8344 e-flex e-con-boxed e-con e-parent\" data-id=\"37ee8344\" data-element_type=\"container\">\n\t\t\t\t\t<div class=\"e-con-inner\">\n\t\t<div class=\"elementor-element elementor-element-4cd3fcc9 e-con-full e-flex e-con e-child\" data-id=\"4cd3fcc9\" data-element_type=\"container\">\n\t\t<div class=\"elementor-element elementor-element-74d69211 e-flex e-con-boxed e-con e-child\" data-id=\"74d69211\" data-element_type=\"container\" data-settings=\"{&quot;background_background&quot;:&quot;classic&quot;}\">\n\t\t\t\t\t<div class=\"e-con-inner\">\n\t\t\t\t<div class=\"elementor-element elementor-element-78eaec0d elementor-widget elementor-widget-heading\" data-id=\"78eaec0d\" data-element_type=\"widget\" data-widget_type=\"heading.default\">\n\t\t\t\t<div class=\"elementor-widget-container\">\n\t\t\t<h2 class=\"elementor-heading-title elementor-size-default\">-6-<br>Dokumentacja<br>techniczna<\/h2>\t\t<\/div>\n\t\t\t\t<\/div>\n\t\t\t\t\t<\/div>\n\t\t\t\t<\/div>\n\t\t\t\t<\/div>\n\t\t<div class=\"elementor-element elementor-element-1b6931b4 e-con-full e-flex e-con e-child\" data-id=\"1b6931b4\" data-element_type=\"container\">\n\t\t<div class=\"elementor-element elementor-element-55a3e03e e-con-full e-flex e-con e-child\" data-id=\"55a3e03e\" data-element_type=\"container\">\n\t\t\t\t<div class=\"elementor-element elementor-element-6a8a8f06 elementor-widget elementor-widget-text-editor\" data-id=\"6a8a8f06\" data-element_type=\"widget\" data-widget_type=\"text-editor.default\">\n\t\t\t\t<div class=\"elementor-widget-container\">\n\t\t\t\t\t\t\t<ul><li>Przygotowuj\u0119 dokumentacj\u0119 techniczn\u0105, kt\u00f3ra zawiera: rzut aran\u017cacji, \u015bcian, sufit\u00f3w, elektryki, hydrauliki, pod\u0142\u00f3g, wyko\u0144cze\u0144 \u015bcian, widoki wa\u017cniejszych \u015bcian, a tak\u017ce dok\u0142adny rozrys kuchni, \u0142azienki oraz rysunki mebli na zam\u00f3wienie.<\/li><\/ul>\t\t\t\t\t\t<\/div>\n\t\t\t\t<\/div>\n\t\t\t\t<\/div>\n\t\t\t\t<\/div>\n\t\t\t\t\t<\/div>\n\t\t\t\t<\/div>\n\t\t<div class=\"elementor-element elementor-element-1ea1eec2 e-flex e-con-boxed e-con e-parent\" data-id=\"1ea1eec2\" data-element_type=\"container\">\n\t\t\t\t\t<div class=\"e-con-inner\">\n\t\t<div class=\"elementor-element elementor-element-d52dd8f e-con-full e-flex e-con e-child\" data-id=\"d52dd8f\" data-element_type=\"container\">\n\t\t<div class=\"elementor-element elementor-element-11896c6e e-flex e-con-boxed e-con e-child\" data-id=\"11896c6e\" data-element_type=\"container\" data-settings=\"{&quot;background_background&quot;:&quot;classic&quot;}\">\n\t\t\t\t\t<div class=\"e-con-inner\">\n\t\t\t\t<div class=\"elementor-element elementor-element-3157563b elementor-widget elementor-widget-heading\" data-id=\"3157563b\" data-element_type=\"widget\" data-widget_type=\"heading.default\">\n\t\t\t\t<div class=\"elementor-widget-container\">\n\t\t\t<h2 class=\"elementor-heading-title elementor-size-default\">-7-<br>Nadz\u00f3r autorski<br>nad projektem<br>(dodatek)<\/h2>\t\t<\/div>\n\t\t\t\t<\/div>\n\t\t\t\t\t<\/div>\n\t\t\t\t<\/div>\n\t\t\t\t<\/div>\n\t\t<div class=\"elementor-element elementor-element-75d2eedd e-con-full e-flex e-con e-child\" data-id=\"75d2eedd\" data-element_type=\"container\">\n\t\t<div class=\"elementor-element elementor-element-52179eba e-con-full e-flex e-con e-child\" data-id=\"52179eba\" data-element_type=\"container\">\n\t\t\t\t<div class=\"elementor-element elementor-element-24678690 elementor-widget elementor-widget-text-editor\" data-id=\"24678690\" data-element_type=\"widget\" data-widget_type=\"text-editor.default\">\n\t\t\t\t<div class=\"elementor-widget-container\">\n\t\t\t\t\t\t\t<ul><li>Omawiamy projekt z wykonawcami, w ramach kt\u00f3rego kontrolujemy przebieg prac wyko\u0144czeniowych. Wysy\u0142am zapytania ofertowe na wybrane przez Ciebie produkty.\u00a0<\/li><\/ul>\t\t\t\t\t\t<\/div>\n\t\t\t\t<\/div>\n\t\t\t\t<\/div>\n\t\t\t\t<\/div>\n\t\t\t\t\t<\/div>\n\t\t\t\t<\/div>\n\t\t<div class=\"elementor-element elementor-element-31742ec7 e-flex e-con-boxed e-con e-parent\" data-id=\"31742ec7\" data-element_type=\"container\" data-settings=\"{&quot;background_background&quot;:&quot;slideshow&quot;,&quot;background_slideshow_gallery&quot;:[{&quot;id&quot;:184,&quot;url&quot;:&quot;https:\\\/\\\/agazuchowska.design\\\/wp-content\\\/uploads\\\/2025\\\/08\\\/528298982_122148746222422005_8343774284206658986_n-e1755077445909.jpg&quot;}],&quot;background_slideshow_slide_duration&quot;:5000,&quot;background_slideshow_slide_transition&quot;:&quot;fade&quot;,&quot;background_slideshow_transition_duration&quot;:500}\">\n\t\t\t\t\t<div class=\"e-con-inner\">\n\t\t\t\t<div class=\"elementor-element elementor-element-6c313de elementor-widget elementor-widget-spacer\" data-id=\"6c313de\" data-element_type=\"widget\" data-widget_type=\"spacer.default\">\n\t\t\t\t<div class=\"elementor-widget-container\">\n\t\t\t\t\t<div class=\"elementor-spacer\">\n\t\t\t<div class=\"elementor-spacer-inner\"><\/div>\n\t\t<\/div>\n\t\t\t\t<\/div>\n\t\t\t\t<\/div>\n\t\t\t\t\t<\/div>\n\t\t\t\t<\/div>\n\t\t\t\t<\/div>\n\t\t","protected":false},"excerpt":{"rendered":"<p>Jak dzia\u0142am? -1-Pierwszykontakt Przesy\u0142am formularz z kilkoma pytaniami. Analizuje Twoje oczekiwania i potrzeby. Zapraszam Ciebie na spotkanie lub widzimy si\u0119 online na podpisanie umowy. -2-Inwentaryzacja Wykonuje pomiar na inwestycji lub pracuj\u0119 na dostarczonej dokumentacji. Mo\u017cesz tak\u017ce dostarczy\u0107 rzuty od dewelopera, projekt architektoniczno-budowlany lub\/i w\u0142asne pomiary. -3-Opracowanieuk\u0142adu funkcjonalnego Zastanawiamy si\u0119 nad uk\u0142adem funkcjonalnym w kilku wariantach. [&hellip;]<\/p>\n","protected":false},"author":1,"featured_media":0,"parent":0,"menu_order":0,"comment_status":"closed","ping_status":"closed","template":"","meta":{"footnotes":""},"class_list":["post-31","page","type-page","status-publish","hentry"],"_links":{"self":[{"href":"https:\/\/agazuchowska.design\/index.php?rest_route=\/wp\/v2\/pages\/31","targetHints":{"allow":["GET"]}}],"collection":[{"href":"https:\/\/agazuchowska.design\/index.php?rest_route=\/wp\/v2\/pages"}],"about":[{"href":"https:\/\/agazuchowska.design\/index.php?rest_route=\/wp\/v2\/types\/page"}],"author":[{"embeddable":true,"href":"https:\/\/agazuchowska.design\/index.php?rest_route=\/wp\/v2\/users\/1"}],"replies":[{"embeddable":true,"href":"https:\/\/agazuchowska.design\/index.php?rest_route=%2Fwp%2Fv2%2Fcomments&post=31"}],"version-history":[{"count":13,"href":"https:\/\/agazuchowska.design\/index.php?rest_route=\/wp\/v2\/pages\/31\/revisions"}],"predecessor-version":[{"id":230,"href":"https:\/\/agazuchowska.design\/index.php?rest_route=\/wp\/v2\/pages\/31\/revisions\/230"}],"wp:attachment":[{"href":"https:\/\/agazuchowska.design\/index.php?rest_route=%2Fwp%2Fv2%2Fmedia&parent=31"}],"curies":[{"name":"wp","href":"https:\/\/api.w.org\/{rel}","templated":true}]}}