{"id":27,"date":"2024-10-01T21:40:16","date_gmt":"2024-10-01T19:40:16","guid":{"rendered":"http:\/\/agazuchowska.design\/?page_id=27"},"modified":"2025-08-13T15:53:44","modified_gmt":"2025-08-13T13:53:44","slug":"oferta","status":"publish","type":"page","link":"https:\/\/agazuchowska.design\/?page_id=27","title":{"rendered":"Oferta"},"content":{"rendered":"\t\t<div data-elementor-type=\"wp-page\" data-elementor-id=\"27\" class=\"elementor elementor-27\" data-elementor-post-type=\"page\">\n\t\t\t\t<div class=\"elementor-element elementor-element-3b49b109 e-flex e-con-boxed e-con e-parent\" data-id=\"3b49b109\" data-element_type=\"container\" data-settings=\"{&quot;background_background&quot;:&quot;classic&quot;}\">\n\t\t\t\t\t<div class=\"e-con-inner\">\n\t\t\t\t<div class=\"elementor-element elementor-element-58a3bd83 elementor-widget elementor-widget-heading\" data-id=\"58a3bd83\" data-element_type=\"widget\" data-widget_type=\"heading.default\">\n\t\t\t\t<div class=\"elementor-widget-container\">\n\t\t\t<h2 class=\"elementor-heading-title elementor-size-default\">Oferta<\/h2>\t\t<\/div>\n\t\t\t\t<\/div>\n\t\t\t\t\t<\/div>\n\t\t\t\t<\/div>\n\t\t<div class=\"elementor-element elementor-element-3d06d849 e-con-full e-flex e-con e-parent\" data-id=\"3d06d849\" data-element_type=\"container\" data-settings=\"{&quot;background_background&quot;:&quot;classic&quot;}\">\n\t\t<div class=\"elementor-element elementor-element-43efa86d e-con-full e-flex e-con e-child\" data-id=\"43efa86d\" data-element_type=\"container\">\n\t\t<div class=\"elementor-element elementor-element-4df3a344 e-flex e-con-boxed e-con e-child\" data-id=\"4df3a344\" data-element_type=\"container\" data-settings=\"{&quot;background_background&quot;:&quot;classic&quot;}\">\n\t\t\t\t\t<div class=\"e-con-inner\">\n\t\t<div class=\"elementor-element elementor-element-304215d8 e-flex e-con-boxed e-con e-child\" data-id=\"304215d8\" data-element_type=\"container\">\n\t\t\t\t\t<div class=\"e-con-inner\">\n\t\t\t\t<div class=\"elementor-element elementor-element-278920f6 elementor-widget elementor-widget-heading\" data-id=\"278920f6\" data-element_type=\"widget\" data-widget_type=\"heading.default\">\n\t\t\t\t<div class=\"elementor-widget-container\">\n\t\t\t<h2 class=\"elementor-heading-title elementor-size-default\">Projekt<br>koncepcji wn\u0119trz<\/h2>\t\t<\/div>\n\t\t\t\t<\/div>\n\t\t\t\t<div class=\"elementor-element elementor-element-219b9e56 elementor-widget elementor-widget-text-editor\" data-id=\"219b9e56\" data-element_type=\"widget\" data-widget_type=\"text-editor.default\">\n\t\t\t\t<div class=\"elementor-widget-container\">\n\t\t\t\t\t\t\t<p><strong>Us\u0142uga dedykowana dla os\u00f3b, kt\u00f3re chc\u0105 samodzielnie realizowa\u0107 projekt i potrzebuj\u0105 pomocy technicznej lub om\u00f3wienia swojej koncepcji ze specjalist\u0105.<\/strong><\/p><ul><li>Jest to r\u00f3wnie\u017c dobre rozwi\u0105zanie, gdy klient nie ma czasu na projekt wn\u0119trz i\u00a0 musi szybko podj\u0105\u0107 decyzje zakupowe. Pomagam przy doborze kolor\u00f3w i stylu do wn\u0119trza.<\/li><\/ul>\t\t\t\t\t\t<\/div>\n\t\t\t\t<\/div>\n\t\t\t\t<div class=\"elementor-element elementor-element-10790eb0 elementor-widget elementor-widget-text-editor\" data-id=\"10790eb0\" data-element_type=\"widget\" data-widget_type=\"text-editor.default\">\n\t\t\t\t<div class=\"elementor-widget-container\">\n\t\t\t\t\t\t\t<p>Ofert\u0119 polecam w przypadku, gdy rozwa\u017casz zam\u00f3wienie projektu wn\u0119trz w design , ale chcia\u0142by\u015b si\u0119 przed tym upewni\u0107, \u017ce Ci pomog\u0119.<\/p>\t\t\t\t\t\t<\/div>\n\t\t\t\t<\/div>\n\t\t\t\t\t<\/div>\n\t\t\t\t<\/div>\n\t\t\t\t\t<\/div>\n\t\t\t\t<\/div>\n\t\t\t\t<\/div>\n\t\t<div class=\"elementor-element elementor-element-521a0bf5 e-con-full e-flex e-con e-child\" data-id=\"521a0bf5\" data-element_type=\"container\">\n\t\t<div class=\"elementor-element elementor-element-7ef2b29a e-flex e-con-boxed e-con e-child\" data-id=\"7ef2b29a\" data-element_type=\"container\" data-settings=\"{&quot;background_background&quot;:&quot;classic&quot;}\">\n\t\t\t\t\t<div class=\"e-con-inner\">\n\t\t<div class=\"elementor-element elementor-element-198955ef e-flex e-con-boxed e-con e-child\" data-id=\"198955ef\" data-element_type=\"container\">\n\t\t\t\t\t<div class=\"e-con-inner\">\n\t\t\t\t<div class=\"elementor-element elementor-element-30d8e504 elementor-widget elementor-widget-heading\" data-id=\"30d8e504\" data-element_type=\"widget\" data-widget_type=\"heading.default\">\n\t\t\t\t<div class=\"elementor-widget-container\">\n\t\t\t<h2 class=\"elementor-heading-title elementor-size-default\">Projekt kompleksowy<br>wn\u0119trz prywatnych<\/h2>\t\t<\/div>\n\t\t\t\t<\/div>\n\t\t\t\t<div class=\"elementor-element elementor-element-6a357f23 elementor-widget elementor-widget-text-editor\" data-id=\"6a357f23\" data-element_type=\"widget\" data-widget_type=\"text-editor.default\">\n\t\t\t\t<div class=\"elementor-widget-container\">\n\t\t\t\t\t\t\t<p><strong>Us\u0142uga obejmuje funkcjonaln\u0105 koncepcj\u0119 wn\u0119trz oraz dokumentacj\u0119 techniczn\u0105, w tym spis materia\u0142\u00f3w.<\/strong><\/p><ul><li>Otrzymujesz ode mnie kompletny projekt aran\u017cacji przestrzeni oraz szczeg\u00f3\u0142owe wytyczne dotycz\u0105ce materia\u0142\u00f3w i element\u00f3w wyposa\u017cenia.<\/li><li>Na podstawie wizualizacji 3d, zestawieniu pr\u00f3bek wyko\u0144cze\u0144 i rzut\u00f3w technicznych, stworzymy dla ciebie kompleksowy projekt wn\u0119trz, kt\u00f3ry b\u0119dzie gotowy do realizacji.<\/li><\/ul>\t\t\t\t\t\t<\/div>\n\t\t\t\t<\/div>\n\t\t\t\t<div class=\"elementor-element elementor-element-4227facb elementor-widget elementor-widget-text-editor\" data-id=\"4227facb\" data-element_type=\"widget\" data-widget_type=\"text-editor.default\">\n\t\t\t\t<div class=\"elementor-widget-container\">\n\t\t\t\t\t\t\t<p>\/opcja dodatkowa\/ Prowadz\u0119 nadz\u00f3r autorski nad projektem. Omawiam projekt z wykonawcami, w ramach, kt\u00f3rego kontrolujemy przebieg prac wyko\u0144czeniowych. Wysy\u0142am zapytania ofertowe na wybrane przez Ciebie produkty<\/p>\t\t\t\t\t\t<\/div>\n\t\t\t\t<\/div>\n\t\t\t\t\t<\/div>\n\t\t\t\t<\/div>\n\t\t\t\t\t<\/div>\n\t\t\t\t<\/div>\n\t\t\t\t<\/div>\n\t\t<div class=\"elementor-element elementor-element-2c47cd12 e-con-full e-flex e-con e-child\" data-id=\"2c47cd12\" data-element_type=\"container\">\n\t\t<div class=\"elementor-element elementor-element-1cbb5330 e-flex e-con-boxed e-con e-child\" data-id=\"1cbb5330\" data-element_type=\"container\" data-settings=\"{&quot;background_background&quot;:&quot;classic&quot;}\">\n\t\t\t\t\t<div class=\"e-con-inner\">\n\t\t<div class=\"elementor-element elementor-element-7d1085d1 e-flex e-con-boxed e-con e-child\" data-id=\"7d1085d1\" data-element_type=\"container\">\n\t\t\t\t\t<div class=\"e-con-inner\">\n\t\t\t\t<div class=\"elementor-element elementor-element-cc8e791 elementor-widget elementor-widget-heading\" data-id=\"cc8e791\" data-element_type=\"widget\" data-widget_type=\"heading.default\">\n\t\t\t\t<div class=\"elementor-widget-container\">\n\t\t\t<h2 class=\"elementor-heading-title elementor-size-default\">Projekt <br> inwestycyjny<\/h2>\t\t<\/div>\n\t\t\t\t<\/div>\n\t\t\t\t<div class=\"elementor-element elementor-element-46ad5c16 elementor-widget elementor-widget-text-editor\" data-id=\"46ad5c16\" data-element_type=\"widget\" data-widget_type=\"text-editor.default\">\n\t\t\t\t<div class=\"elementor-widget-container\">\n\t\t\t\t\t\t\t<p><strong>Us\u0142uga dedykowana dla deweloper\u00f3w, w\u0142a\u015bcicieli mieszka\u0144 pod wynajem, przedsi\u0119biorc\u00f3w podnajmuj\u0105cych lokale.<\/strong><\/p><ul><li>Projektuj\u0105c przestrzenie us\u0142ugowe i komercyjne, polegam na dobrym designie, kt\u00f3ry pozwala stworzy\u0107 funkcjonalne i estetyczne miejsce.<\/li><\/ul>\t\t\t\t\t\t<\/div>\n\t\t\t\t<\/div>\n\t\t\t\t<div class=\"elementor-element elementor-element-2f3adc63 elementor-widget elementor-widget-text-editor\" data-id=\"2f3adc63\" data-element_type=\"widget\" data-widget_type=\"text-editor.default\">\n\t\t\t\t<div class=\"elementor-widget-container\">\n\t\t\t\t\t\t\t<p>Sp\u00f3jny projekt wn\u0119trz pozwoli stworzy\u0107 przestrze\u0144 przyjazn\u0105 u\u017cytkownikom, pokazuj\u0105c\u0105 charakter firmy i wa\u017cne dla inwestora warto\u015bci.<\/p>\t\t\t\t\t\t<\/div>\n\t\t\t\t<\/div>\n\t\t\t\t\t<\/div>\n\t\t\t\t<\/div>\n\t\t\t\t\t<\/div>\n\t\t\t\t<\/div>\n\t\t\t\t<\/div>\n\t\t\t\t<\/div>\n\t\t<div class=\"elementor-element elementor-element-60e397be e-flex e-con-boxed e-con e-parent\" data-id=\"60e397be\" data-element_type=\"container\" data-settings=\"{&quot;background_background&quot;:&quot;slideshow&quot;,&quot;background_slideshow_gallery&quot;:[{&quot;id&quot;:184,&quot;url&quot;:&quot;https:\\\/\\\/agazuchowska.design\\\/wp-content\\\/uploads\\\/2025\\\/08\\\/528298982_122148746222422005_8343774284206658986_n-e1755077445909.jpg&quot;}],&quot;background_slideshow_slide_duration&quot;:5000,&quot;background_slideshow_slide_transition&quot;:&quot;fade&quot;,&quot;background_slideshow_transition_duration&quot;:500}\">\n\t\t\t\t\t<div class=\"e-con-inner\">\n\t\t\t\t<div class=\"elementor-element elementor-element-32f1cbb3 elementor-widget elementor-widget-spacer\" data-id=\"32f1cbb3\" data-element_type=\"widget\" data-widget_type=\"spacer.default\">\n\t\t\t\t<div class=\"elementor-widget-container\">\n\t\t\t\t\t<div class=\"elementor-spacer\">\n\t\t\t<div class=\"elementor-spacer-inner\"><\/div>\n\t\t<\/div>\n\t\t\t\t<\/div>\n\t\t\t\t<\/div>\n\t\t\t\t\t<\/div>\n\t\t\t\t<\/div>\n\t\t\t\t<\/div>\n\t\t","protected":false},"excerpt":{"rendered":"<p>Oferta Projektkoncepcji wn\u0119trz Us\u0142uga dedykowana dla os\u00f3b, kt\u00f3re chc\u0105 samodzielnie realizowa\u0107 projekt i potrzebuj\u0105 pomocy technicznej lub om\u00f3wienia swojej koncepcji ze specjalist\u0105. Jest to r\u00f3wnie\u017c dobre rozwi\u0105zanie, gdy klient nie ma czasu na projekt wn\u0119trz i\u00a0 musi szybko podj\u0105\u0107 decyzje zakupowe. Pomagam przy doborze kolor\u00f3w i stylu do wn\u0119trza. Ofert\u0119 polecam w przypadku, gdy rozwa\u017casz [&hellip;]<\/p>\n","protected":false},"author":1,"featured_media":0,"parent":0,"menu_order":0,"comment_status":"closed","ping_status":"closed","template":"","meta":{"footnotes":""},"class_list":["post-27","page","type-page","status-publish","hentry"],"_links":{"self":[{"href":"https:\/\/agazuchowska.design\/index.php?rest_route=\/wp\/v2\/pages\/27","targetHints":{"allow":["GET"]}}],"collection":[{"href":"https:\/\/agazuchowska.design\/index.php?rest_route=\/wp\/v2\/pages"}],"about":[{"href":"https:\/\/agazuchowska.design\/index.php?rest_route=\/wp\/v2\/types\/page"}],"author":[{"embeddable":true,"href":"https:\/\/agazuchowska.design\/index.php?rest_route=\/wp\/v2\/users\/1"}],"replies":[{"embeddable":true,"href":"https:\/\/agazuchowska.design\/index.php?rest_route=%2Fwp%2Fv2%2Fcomments&post=27"}],"version-history":[{"count":16,"href":"https:\/\/agazuchowska.design\/index.php?rest_route=\/wp\/v2\/pages\/27\/revisions"}],"predecessor-version":[{"id":227,"href":"https:\/\/agazuchowska.design\/index.php?rest_route=\/wp\/v2\/pages\/27\/revisions\/227"}],"wp:attachment":[{"href":"https:\/\/agazuchowska.design\/index.php?rest_route=%2Fwp%2Fv2%2Fmedia&parent=27"}],"curies":[{"name":"wp","href":"https:\/\/api.w.org\/{rel}","templated":true}]}}